{"id":12912,"date":"2020-06-15T02:54:41","date_gmt":"2020-06-15T00:54:41","guid":{"rendered":"https:\/\/wibutec.com\/?page_id=12912"},"modified":"2023-03-17T09:15:29","modified_gmt":"2023-03-17T08:15:29","slug":"galerie","status":"publish","type":"page","link":"https:\/\/wibutec.de\/en\/galerie\/","title":{"rendered":"Gallery"},"content":{"rendered":"<div class=\"wpb-content-wrapper\">\t<div  class=\"vc_row wpb_row vc_row-fluid vc_custom_1591799920196 vc_column-gap-default vc_row-o-content-middle vc_row-flex ts-row-wide loading\"  data-vc-full-width=\"true\" data-vc-full-width-init=\"false\"  ><div class=\"wpb_column vc_column_container vc_col-sm-12\">\n\t<div class=\"wpb_wrapper\">\n\t<div id=\"ultimate-heading-607669dcb1d731339\" class=\"uvc-heading ult-adjust-bottom-margin ultimate-heading-607669dcb1d731339 uvc-7843\" data-hspacer=\"no_spacer\"  data-halign=\"center\" style=\"text-align:center\"><div class=\"uvc-heading-spacer no_spacer\" style=\"top\"><\/div><div class=\"uvc-main-heading ult-responsive\"  data-ultimate-target='.uvc-heading.ultimate-heading-607669dcb1d731339 h2'  data-responsive-json-new='{\"font-size\":\"desktop:50px;\",\"line-height\":\"\"}' ><h2 style=\"font-weight:bold;\">WIBUTEC SHOWROOM<\/h2><\/div><\/div><div class=\"aio-icon-component    style_1\"><div id=\"Info-box-wrap-7459\" class=\"aio-icon-box default-icon\" style=\"\"  ><div class=\"aio-icon-description ult-responsive\"  data-ultimate-target='#Info-box-wrap-7459 .aio-icon-description'  data-responsive-json-new='{\"font-size\":\"desktop:18px;\",\"line-height\":\"\"}'  style=\"color:#ffffff;\"><\/p>\n<p style=\"text-align: center;\">Wibutec Automotive - Retrofits | Conversions with Original Parts | Equipment Enhancements | Vehicle Codings<br \/>\nTowbars, hands-free devices, reverse cameras, parking heaters, cruise control, ACC, alarm systems<br \/>\nand much more for VW, Audi, Seat and Skoda at Lenkwerk Bielefeld!<\/p>\n<p style=\"text-align: center;\">In our gallery you will find synchronized posts about our conversions and general information about Wibutec automotive retrofits through our social media networks.<\/p>\n<p><\/div> <!-- description --><\/div> <!-- aio-icon-box --><\/div> <!-- aio-icon-component -->\n\t<div class=\"wpb_text_column wpb_content_element\" >\n\t\t<div class=\"wpb_wrapper\">\n\t\t\t<div id=\"curator-feed-default\" data-crt-feed-id=\"ad094827-2e2f-4af4-be82-159c89acb2ac\" data-crt-source=\"wordpress-plugin\"><\/div>\n\n\t\t<\/div>\n\t<\/div>\n\t<\/div>\n<\/div><\/div><div class=\"vc_row-full-width\"><\/div>\n<\/div>","protected":false},"excerpt":{"rendered":"WIBUTEC SHOWROOM Wibutec KFZ \u2013 Nachr\u00fcstungen | Umbauten mit Originalteilen | Ausstattungserweiterungen | Fahrzeugcodierungen Anh\u00e4ngerkupplungen, Freisprecheinrichtungen, R\u00fcckfahrkameras, Standheizungen, Tempomaten, GRA, Alarmanlagen und vieles mehr f\u00fcr VW, Audi, Seat und Skoda im Lenkwerk Bielefeld! In unseren Galerie finden Sie \u00fcber unsere Social Media Netzwerke, Synchronisierte Beitr\u00e4ge zu unseren Umbauten und Allgemeine Informationen \u00fcber Wibutec KFZ-Nachr\u00fcstungen.","protected":false},"author":1,"featured_media":0,"parent":0,"menu_order":0,"comment_status":"closed","ping_status":"closed","template":"","meta":{"inline_featured_image":false,"footnotes":""},"class_list":["post-12912","page","type-page","status-publish","hentry"],"_links":{"self":[{"href":"https:\/\/wibutec.de\/en\/wp-json\/wp\/v2\/pages\/12912","targetHints":{"allow":["GET"]}}],"collection":[{"href":"https:\/\/wibutec.de\/en\/wp-json\/wp\/v2\/pages"}],"about":[{"href":"https:\/\/wibutec.de\/en\/wp-json\/wp\/v2\/types\/page"}],"author":[{"embeddable":true,"href":"https:\/\/wibutec.de\/en\/wp-json\/wp\/v2\/users\/1"}],"replies":[{"embeddable":true,"href":"https:\/\/wibutec.de\/en\/wp-json\/wp\/v2\/comments?post=12912"}],"version-history":[{"count":0,"href":"https:\/\/wibutec.de\/en\/wp-json\/wp\/v2\/pages\/12912\/revisions"}],"wp:attachment":[{"href":"https:\/\/wibutec.de\/en\/wp-json\/wp\/v2\/media?parent=12912"}],"curies":[{"name":"wp","href":"https:\/\/api.w.org\/{rel}","templated":true}]}}